{"id":772,"date":"2018-08-30T19:50:39","date_gmt":"2018-08-30T22:50:39","guid":{"rendered":"https:\/\/israyuela-mza.infd.edu.ar\/sitio\/preceptoria-escolar\/"},"modified":"2025-12-16T18:56:49","modified_gmt":"2025-12-16T21:56:49","slug":"preceptoria-escolar","status":"publish","type":"page","link":"https:\/\/israyuela-infd.mendoza.edu.ar\/sitio\/preceptoria-escolar\/","title":{"rendered":"Preceptor\u00eda Escolar"},"content":{"rendered":"\n<p><strong>Tecnicatura Superior en Preceptor\u00eda Escolar \u2013 <strong>Res. 2025-6539-GDEMZA-DGE<\/strong> \u2013 Con validez nacional<\/strong><\/p>\n\n\n\n<p><strong>Informaci\u00f3n y Orientaci\u00f3n<\/strong><\/p>\n\n\n\n<p>Por qu\u00e9 Rayuela<\/p>\n\n\n\n<p>Garant\u00eda de formaci\u00f3n. Fundaci\u00f3n Rayuela cuenta con m\u00e1s de 38 a\u00f1os de trayectoria en capacitaci\u00f3n a docentes y profesionales de la educaci\u00f3n. Por eso ofrecemos:<\/p>\n\n\n\n<ul>\n<li>Docentes con experiencia y especializaci\u00f3n.<\/li>\n\n\n\n<li>Trabajo en equipo de nuestro personal en la programaci\u00f3n e implementaci\u00f3n de los planes.<\/li>\n\n\n\n<li>Personalizaci\u00f3n del proceso educativo.<\/li>\n\n\n\n<li>Tutor\u00eda y orientaci\u00f3n desde el inicio de actividades hasta el egreso.<\/li>\n\n\n\n<li>Realizaci\u00f3n continua de experiencias vinculadas con la realidad.<\/li>\n\n\n\n<li>Clima institucional que promueve la creatividad.<\/li>\n\n\n\n<li>Equipamiento inform\u00e1tico disponible para la formaci\u00f3n de los estudiantes.<\/li>\n\n\n\n<li>Evaluaci\u00f3n continua para asegurar aprendizajes.<\/li>\n\n\n\n<li>Biblioteca con actualizaci\u00f3n permanente.<\/li>\n\n\n\n<li>Actividades para la proyecci\u00f3n personal y el desarrollo de habilidades especiales.<\/li>\n<\/ul>\n\n\n\n<p><strong>Condiciones de Ingreso<\/strong><\/p>\n\n\n\n<p>Se requiere tener aprobado el Nivel Medio o Polimodal.<\/p>\n\n\n\n<p><strong>Documentaci\u00f3n<\/strong><\/p>\n\n\n\n<ul>\n<li>Copia autenticada del certificado anal\u00edtico de estudios secundarios<\/li>\n\n\n\n<li>Copia de la partida de nacimiento<\/li>\n\n\n\n<li>Fotocopia del Documento Nacional de Identidad<\/li>\n\n\n\n<li>Cuatro fotos carnet<\/li>\n\n\n\n<li>Certificado de aptitud f\u00edsica para los estudios superiores (organismo p\u00fablico o Centro Dr. Emilio Coni)<\/li>\n<\/ul>\n\n\n\n<p><strong>Proceso de admisi\u00f3n<\/strong><\/p>\n\n\n\n<p>La admisi\u00f3n a la instituci\u00f3n procura el conocimiento de las condiciones del ingresante y el contacto con la realidad de la instituci\u00f3n. Los pasos son los siguientes:<\/p>\n\n\n\n<ul>\n<li>Entrevista personal con un Profesor del Instituto: Esta entrevista tiene como objetivo conocer las capacidades y expectativas de los alumnos.<\/li>\n\n\n\n<li>Per\u00edodo de Ambientaci\u00f3n: Se estipula un per\u00edodo de actividad grupal con din\u00e1micas de contactos, integraci\u00f3n y conocimiento, para que el alumno se familiarice con la instituci\u00f3n, su proyecto institucional, sus profesores y sus compa\u00f1eros.<\/li>\n\n\n\n<li>Atenci\u00f3n personalizada para casos que as\u00ed lo requieran.<\/li>\n<\/ul>\n\n\n\n<p><strong>Inserci\u00f3n laboral<\/strong><\/p>\n\n\n\n<ul>\n<li>Cargo de Preceptor en escuelas secundarias y CENS. Reconocido con 16 puntos (categor\u00eda A)<\/li>\n\n\n\n<li>Asistente en trabajo con adolescentes y j\u00f3venes en municipios, organizaciones sociales, clubes, etc.<\/li>\n<\/ul>\n\n\n\n<p><strong>Duraci\u00f3n<\/strong><\/p>\n\n\n\n<p>Dos a\u00f1os y medio.<\/p>\n\n\n\n<p><strong>Cursado<\/strong><\/p>\n\n\n\n<p>Presencial<\/p>\n\n\n\n<ul>\n<li>Ma\u00f1ana: martes a viernes, de 8:30 a 12:45<\/li>\n\n\n\n<li>Tarde: lunes a jueves, de 14:30 a 18:30<\/li>\n<\/ul>\n\n\n\n<p><strong>Fecha de inicio<\/strong><\/p>\n\n\n\n<p>Marzo 2026. Se recomienda anticipar la inscripci\u00f3n para recibir orientaci\u00f3n temprana de estudios.<\/p>\n\n\n\n<p><strong>Pago de aranceles \u2013&nbsp;<a href=\"http:\/\/wa.me\/542616802135\">Consultar valores actualizados AQU\u00cd<\/a><\/strong><\/p>\n\n\n\n<p><strong>Perfil y Plan de Estudios<\/strong><\/p>\n\n\n\n<p><em>Competencias espec\u00edficas<\/em><\/p>\n\n\n\n<ul>\n<li>Es capaz de desempe\u00f1arse con habilidades sociales y recursos t\u00e9cnicos para el trabajo en organizaciones educativas y sociales.<\/li>\n\n\n\n<li>Domina conocimientos de la psicolog\u00eda para el trabajo con p\u00faberes, adolescentes y j\u00f3venes adultos.<\/li>\n\n\n\n<li>Aplica t\u00e9cnicas para la comunicaci\u00f3n interpersonal y grupal, para lograr una relaci\u00f3n emp\u00e1tica.<\/li>\n\n\n\n<li>Utiliza recursos t\u00e9cnicos para la orientaci\u00f3n social, educativa y laboral del adolescente y el adulto.<\/li>\n\n\n\n<li>Apoya a los estudiantes en el aprendizaje y en su integraci\u00f3n con el mundo.<\/li>\n\n\n\n<li>Asiste a la gesti\u00f3n y administraci\u00f3n de la instituci\u00f3n educativa, aplicando t\u00e9cnicas para la programaci\u00f3n y ejecuci\u00f3n de actividades.<\/li>\n<\/ul>\n\n\n\n<p><\/p>\n\n\n\n<p><strong>PLAN DE ESTUDIOS<\/strong><\/p>\n\n\n\n<p><strong>PRIMER A\u00d1O<\/strong><\/p>\n\n\n\n<p>1 Comprensi\u00f3n y Producci\u00f3n de Textos Acad\u00e9micos<br>2 Alfabetizaci\u00f3n Digital<br>3 Sujeto del Aprendizaje<br>4 Sociedad, Cultura y Educaci\u00f3n<br>5 Ingl\u00e9s<br>6 Gesti\u00f3n de Proyectos<br>7 Educaci\u00f3n y Tecnolog\u00edas Digitales<br>8 Mediaci\u00f3n Pedag\u00f3gica<br>9 Animaci\u00f3n Sociocultural<br>10 ESI<br>11 Pr\u00e1ctica Profesional I<\/p>\n\n\n\n<p><strong>SEGUNDO A\u00d1O<\/strong><\/p>\n\n\n\n<p>12 Sistema Educativo<br>13 Orientaci\u00f3n y Tutor\u00eda Mediaci\u00f3n Pedag\u00f3gica<br>14 Estad\u00edstica y An\u00e1lisis de<br>Datos<br>15 Educaci\u00f3n en la Diver<br>17 Gesti\u00f3n Normativa y Administraci\u00f3n Educativa<br>18 Gesti\u00f3n Acad\u00e9mica en elNivel Superior<br>19 \u00c9tica Profesional<br>20 Pr\u00e1ctica Profesional II<\/p>\n\n\n\n<p><strong>TERCER A\u00d1O<\/strong><\/p>\n\n\n\n<p>21 Rol del Bedel en Educaci\u00f3n Superior<br>22 Primeros Auxilios y Prevenci\u00f3n de Accidentes<br>23- EDI<br>24- Pr\u00e1ctica Profesional III<\/p>\n\n\n\n<p><\/p>\n\n\n\n<p><strong>Informes&nbsp;<\/strong><\/p>\n\n\n\n<p>San Luis 545, Ciudad de Mendoza<br>Tel. (0261) 4295324<br>comunicacion@fundacionrayuela.org.ar<br>WhatsApp +5492616802135<\/p>\n","protected":false},"excerpt":{"rendered":"<p>Tecnicatura Superior en Preceptor\u00eda Escolar \u2013 Res. 2025-6539-GDEMZA-DGE \u2013 Con validez nacional Informaci\u00f3n y Orientaci\u00f3n Por qu\u00e9 Rayuela Garant\u00eda de formaci\u00f3n. Fundaci\u00f3n Rayuela cuenta con m\u00e1s de 38 a\u00f1os de trayectoria en capacitaci\u00f3n a docentes y profesionales de la educaci\u00f3n. Por eso ofrecemos: Condiciones de Ingreso Se requiere tener aprobado el Nivel Medio o Polimodal. &#8230; <a title=\"Preceptor\u00eda Escolar\" class=\"read-more\" href=\"https:\/\/israyuela-infd.mendoza.edu.ar\/sitio\/preceptoria-escolar\/\" aria-label=\"More on Preceptor\u00eda Escolar\">[+]<\/a><\/p>\n","protected":false},"author":15,"featured_media":0,"parent":0,"menu_order":0,"comment_status":"closed","ping_status":"closed","template":"","meta":[],"acf":[],"_links":{"self":[{"href":"https:\/\/israyuela-infd.mendoza.edu.ar\/sitio\/wp-json\/wp\/v2\/pages\/772"}],"collection":[{"href":"https:\/\/israyuela-infd.mendoza.edu.ar\/sitio\/wp-json\/wp\/v2\/pages"}],"about":[{"href":"https:\/\/israyuela-infd.mendoza.edu.ar\/sitio\/wp-json\/wp\/v2\/types\/page"}],"author":[{"embeddable":true,"href":"https:\/\/israyuela-infd.mendoza.edu.ar\/sitio\/wp-json\/wp\/v2\/users\/15"}],"replies":[{"embeddable":true,"href":"https:\/\/israyuela-infd.mendoza.edu.ar\/sitio\/wp-json\/wp\/v2\/comments?post=772"}],"version-history":[{"count":6,"href":"https:\/\/israyuela-infd.mendoza.edu.ar\/sitio\/wp-json\/wp\/v2\/pages\/772\/revisions"}],"predecessor-version":[{"id":947,"href":"https:\/\/israyuela-infd.mendoza.edu.ar\/sitio\/wp-json\/wp\/v2\/pages\/772\/revisions\/947"}],"wp:attachment":[{"href":"https:\/\/israyuela-infd.mendoza.edu.ar\/sitio\/wp-json\/wp\/v2\/media?parent=772"}],"curies":[{"name":"wp","href":"https:\/\/api.w.org\/{rel}","templated":true}]}}